{"id":118360,"date":"2022-10-19T17:01:17","date_gmt":"2022-10-19T15:01:17","guid":{"rendered":"https:\/\/barbaramerk.com\/home\/"},"modified":"2023-01-25T14:33:09","modified_gmt":"2023-01-25T13:33:09","slug":"home","status":"publish","type":"page","link":"https:\/\/barbaramerk.com\/de\/","title":{"rendered":"Home"},"content":{"rendered":"<p>[vc_row row_height_percent=&#8220;0&#8243; override_padding=&#8220;yes&#8220; h_padding=&#8220;2&#8243; top_padding=&#8220;7&#8243; bottom_padding=&#8220;7&#8243; back_color=&#8220;color-xsdn&#8220; overlay_alpha=&#8220;50&#8243; gutter_size=&#8220;3&#8243; column_width_percent=&#8220;100&#8243; shift_y=&#8220;0&#8243; z_index=&#8220;0&#8243; uncode_shortcode_id=&#8220;122844&#8243; back_color_type=&#8220;uncode-palette&#8220; row_name=&#8220;home&#8220;][vc_column column_width_percent=&#8220;100&#8243; gutter_size=&#8220;3&#8243; overlay_alpha=&#8220;50&#8243; shift_x=&#8220;0&#8243; shift_y=&#8220;0&#8243; shift_y_down=&#8220;0&#8243; z_index=&#8220;0&#8243; medium_width=&#8220;0&#8243; mobile_width=&#8220;0&#8243; width=&#8220;1\/1&#8243; uncode_shortcode_id=&#8220;580642&#8243;][vc_custom_heading text_font=&#8220;font-189054&#8243; text_size=&#8220;fontsize-445851&#8243; text_weight=&#8220;500&#8243; text_space=&#8220;fontspace-781688&#8243; uncode_shortcode_id=&#8220;163405&#8243;]Barbara Merk,<br \/>\n<span style=\"font-size: 0.65em;\">Ihre Malerei wirkt wie ein klarer und starker Ausdruck ihrer Seele und spiegelt mit seinen warmen Farben die Emotionalit\u00e4t der K\u00fcnstlerin wider.<\/span>[\/vc_custom_heading][\/vc_column][\/vc_row][vc_row unlock_row_content=&#8220;yes&#8220; row_height_percent=&#8220;85&#8243; override_padding=&#8220;yes&#8220; h_padding=&#8220;5&#8243; top_padding=&#8220;0&#8243; bottom_padding=&#8220;0&#8243; back_image=&#8220;117846&#8243; kburns=&#8220;magnetic&#8220; overlay_alpha=&#8220;50&#8243; gutter_size=&#8220;3&#8243; column_width_percent=&#8220;100&#8243; shift_y=&#8220;0&#8243; z_index=&#8220;0&#8243; uncode_shortcode_id=&#8220;165622&#8243;][vc_column column_width_percent=&#8220;100&#8243; position_vertical=&#8220;middle&#8220; gutter_size=&#8220;3&#8243; style=&#8220;dark&#8220; overlay_alpha=&#8220;50&#8243; shift_x=&#8220;0&#8243; shift_y=&#8220;0&#8243; shift_y_down=&#8220;0&#8243; z_index=&#8220;0&#8243; medium_width=&#8220;0&#8243; mobile_width=&#8220;0&#8243; width=&#8220;1\/1&#8243; uncode_shortcode_id=&#8220;171521&#8243; mobile_height=&#8220;500&#8243;][\/vc_column][\/vc_row][vc_row unlock_row_content=&#8220;yes&#8220; row_height_percent=&#8220;0&#8243; override_padding=&#8220;yes&#8220; h_padding=&#8220;5&#8243; top_padding=&#8220;3&#8243; bottom_padding=&#8220;3&#8243; back_color=&#8220;color-516090&#8243; overlay_alpha=&#8220;50&#8243; equal_height=&#8220;yes&#8220; gutter_size=&#8220;0&#8243; column_width_percent=&#8220;100&#8243; shift_y=&#8220;0&#8243; z_index=&#8220;0&#8243; changer_back_color=&#8220;yes&#8220; el_class=&#8220;gradient portfolio&#8220; row_name=&#8220;pittura1&#8243; uncode_shortcode_id=&#8220;203192&#8243; back_color_type=&#8220;uncode-palette&#8220;][vc_column column_width_percent=&#8220;100&#8243; position_vertical=&#8220;middle&#8220; gutter_size=&#8220;5&#8243; style=&#8220;dark&#8220; overlay_alpha=&#8220;50&#8243; shift_x=&#8220;0&#8243; shift_y=&#8220;0&#8243; shift_y_down=&#8220;0&#8243; z_index=&#8220;0&#8243; medium_width=&#8220;0&#8243; mobile_width=&#8220;0&#8243; css_animation=&#8220;alpha-anim&#8220; animation_speed=&#8220;1000&#8243; width=&#8220;1\/1&#8243; uncode_shortcode_id=&#8220;189765&#8243;][vc_custom_heading text_font=&#8220;font-189054&#8243; text_size=&#8220;h1&#8243; text_weight=&#8220;500&#8243; text_space=&#8220;fontspace-781688&#8243; uncode_shortcode_id=&#8220;925930&#8243;]Bilder Galerie 1[\/vc_custom_heading][vc_gallery el_id=&#8220;gallery-89493&#8243; medias=&#8220;117859,117860,117861,117862,117863,117864,117865,117866&#8243; explode_albums=&#8220;yes&#8220; gutter_size=&#8220;6&#8243; media_items=&#8220;media|lightbox|original&#8220; screen_lg=&#8220;1000&#8243; screen_md=&#8220;600&#8243; screen_sm=&#8220;480&#8243; single_text=&#8220;under&#8220; single_overlay_opacity=&#8220;50&#8243; single_image_magnetic=&#8220;yes&#8220; single_padding=&#8220;2&#8243; single_border=&#8220;yes&#8220; single_css_animation=&#8220;parallax&#8220; single_parallax_intensity=&#8220;1&#8243; post_matrix=&#8220;matrix&#8220; matrix_amount=&#8220;3&#8243; lbox_title=&#8220;yes&#8220; lbox_caption=&#8220;yes&#8220; lbox_full=&#8220;yes&#8220; custom_cursor=&#8220;diff&#8220; uncode_shortcode_id=&#8220;917839&#8243; matrix_items=&#8220;eyIxX2kiOnsic2luZ2xlX3BhcmFsbGF4X2ludGVuc2l0eSI6IjYifSwiMl9pIjp7InNpbmdsZV9wYXJhbGxheF9pbnRlbnNpdHkiOiI0In0sIjNfaSI6eyJzaW5nbGVfcGFyYWxsYXhfaW50ZW5zaXR5IjoiMyJ9fQ==&#8220;][\/vc_column][\/vc_row][vc_row unlock_row_content=&#8220;yes&#8220; row_height_percent=&#8220;100&#8243; override_padding=&#8220;yes&#8220; h_padding=&#8220;3&#8243; top_padding=&#8220;3&#8243; bottom_padding=&#8220;3&#8243; back_color=&#8220;color-nhtu&#8220; overlay_alpha=&#8220;50&#8243; gutter_size=&#8220;4&#8243; column_width_percent=&#8220;100&#8243; shift_y=&#8220;0&#8243; z_index=&#8220;0&#8243; changer_back_color=&#8220;yes&#8220; uncode_shortcode_id=&#8220;161975&#8243; back_color_type=&#8220;uncode-palette&#8220; row_name=&#8220;pittura2&#8243;][vc_column column_width_percent=&#8220;100&#8243; position_vertical=&#8220;middle&#8220; gutter_size=&#8220;4&#8243; style=&#8220;dark&#8220; overlay_alpha=&#8220;50&#8243; shift_x=&#8220;0&#8243; shift_y=&#8220;0&#8243; shift_y_down=&#8220;0&#8243; z_index=&#8220;0&#8243; medium_width=&#8220;0&#8243; mobile_width=&#8220;0&#8243; width=&#8220;1\/1&#8243; uncode_shortcode_id=&#8220;163093&#8243;][vc_custom_heading text_font=&#8220;font-189054&#8243; text_size=&#8220;h1&#8243; text_weight=&#8220;500&#8243; text_space=&#8220;fontspace-781688&#8243; uncode_shortcode_id=&#8220;101982&#8243;]Bilder Galerie 2[\/vc_custom_heading][vc_gallery el_id=&#8220;gallery-185343&#8243; type=&#8220;carousel&#8220; medias=&#8220;117787,117789,117790,117785,117791,117792,117793,117844&#8243; explode_albums=&#8220;yes&#8220; carousel_lg=&#8220;3&#8243; carousel_md=&#8220;3&#8243; carousel_sm=&#8220;1&#8243; gutter_size=&#8220;5&#8243; media_items=&#8220;media|lightbox|original,icon|md&#8220; carousel_v_align=&#8220;middle&#8220; carousel_interval=&#8220;0&#8243; carousel_navspeed=&#8220;400&#8243; carousel_nav=&#8220;yes&#8220; carousel_nav_mobile=&#8220;yes&#8220; carousel_dots=&#8220;yes&#8220; stage_padding=&#8220;0&#8243; single_overlay_opacity=&#8220;50&#8243; single_overlay_anim=&#8220;no&#8220; single_text_anim=&#8220;no&#8220; single_image_anim=&#8220;no&#8220; single_h_align=&#8220;center&#8220; single_padding=&#8220;2&#8243; single_title_dimension=&#8220;h3&#8243; single_icon=&#8220;fa fa-zoom-in&#8220; single_border=&#8220;yes&#8220; single_css_animation=&#8220;right-t-left&#8220; single_animation_speed=&#8220;400&#8243; single_animation_delay=&#8220;300&#8243; single_animation_first=&#8220;yes&#8220; lbox_transparency=&#8220;opaque&#8220; lbox_title=&#8220;yes&#8220; lbox_caption=&#8220;yes&#8220; lbox_full=&#8220;yes&#8220; lbox_transition=&#8220;lg-zoom-out&#8220; horizontal_th_size=&#8220;vh&#8220; uncode_shortcode_id=&#8220;295620&#8243;][vc_empty_space][\/vc_column][\/vc_row][vc_row unlock_row_content=&#8220;yes&#8220; row_height_percent=&#8220;0&#8243; override_padding=&#8220;yes&#8220; h_padding=&#8220;3&#8243; top_padding=&#8220;3&#8243; bottom_padding=&#8220;3&#8243; back_color=&#8220;color-118272&#8243; overlay_alpha=&#8220;50&#8243; equal_height=&#8220;yes&#8220; gutter_size=&#8220;0&#8243; column_width_percent=&#8220;100&#8243; shift_y=&#8220;0&#8243; z_index=&#8220;0&#8243; changer_back_color=&#8220;yes&#8220; el_class=&#8220;gradient portfolio&#8220; row_name=&#8220;pittura3&#8243; uncode_shortcode_id=&#8220;378644&#8243; back_color_type=&#8220;uncode-palette&#8220;][vc_column column_width_percent=&#8220;100&#8243; position_vertical=&#8220;middle&#8220; gutter_size=&#8220;5&#8243; style=&#8220;dark&#8220; overlay_alpha=&#8220;50&#8243; shift_x=&#8220;0&#8243; shift_y=&#8220;0&#8243; shift_y_down=&#8220;0&#8243; z_index=&#8220;0&#8243; medium_width=&#8220;0&#8243; mobile_width=&#8220;0&#8243; css_animation=&#8220;alpha-anim&#8220; animation_speed=&#8220;1000&#8243; width=&#8220;1\/1&#8243; uncode_shortcode_id=&#8220;189765&#8243;][vc_custom_heading text_font=&#8220;font-189054&#8243; text_size=&#8220;h1&#8243; text_weight=&#8220;500&#8243; text_space=&#8220;fontspace-781688&#8243; uncode_shortcode_id=&#8220;706490&#8243;]Bilder Galerie 3[\/vc_custom_heading][vc_gallery el_id=&#8220;gallery-31554&#8243; type=&#8220;carousel&#8220; medias=&#8220;117796,117797,117798,117799,117800,117801,117784,117802,117795&#8243; explode_albums=&#8220;yes&#8220; carousel_lg=&#8220;3&#8243; carousel_md=&#8220;3&#8243; carousel_sm=&#8220;1&#8243; gutter_size=&#8220;6&#8243; media_items=&#8220;media|lightbox|original,icon|md&#8220; carousel_v_align=&#8220;middle&#8220; carousel_interval=&#8220;0&#8243; carousel_navspeed=&#8220;400&#8243; carousel_nav=&#8220;yes&#8220; carousel_nav_mobile=&#8220;yes&#8220; carousel_dots=&#8220;yes&#8220; stage_padding=&#8220;0&#8243; single_text=&#8220;under&#8220; single_overlay_opacity=&#8220;50&#8243; single_image_magnetic=&#8220;yes&#8220; single_h_align=&#8220;center&#8220; single_padding=&#8220;2&#8243; single_icon=&#8220;fa fa-zoom-in&#8220; single_border=&#8220;yes&#8220; single_css_animation=&#8220;zoom-out&#8220; single_animation_delay=&#8220;300&#8243; single_animation_first=&#8220;yes&#8220; post_matrix=&#8220;matrix&#8220; matrix_amount=&#8220;4&#8243; lbox_title=&#8220;yes&#8220; lbox_caption=&#8220;yes&#8220; lbox_full=&#8220;yes&#8220; custom_cursor=&#8220;diff&#8220; uncode_shortcode_id=&#8220;115329&#8243; matrix_items=&#8220;eyIxX2kiOnsic2luZ2xlX3BhcmFsbGF4X2ludGVuc2l0eSI6IjEwIn0sIjJfaSI6eyJzaW5nbGVfcGFyYWxsYXhfaW50ZW5zaXR5IjoiOCJ9LCIzX2kiOnsic2luZ2xlX3BhcmFsbGF4X2ludGVuc2l0eSI6IjMifX0=&#8220;][\/vc_column][\/vc_row][vc_row unlock_row_content=&#8220;yes&#8220; row_height_percent=&#8220;100&#8243; override_padding=&#8220;yes&#8220; h_padding=&#8220;3&#8243; top_padding=&#8220;3&#8243; bottom_padding=&#8220;3&#8243; back_color=&#8220;color-nhtu&#8220; overlay_alpha=&#8220;50&#8243; gutter_size=&#8220;4&#8243; column_width_percent=&#8220;100&#8243; shift_y=&#8220;0&#8243; z_index=&#8220;0&#8243; changer_back_color=&#8220;yes&#8220; uncode_shortcode_id=&#8220;366915&#8243; back_color_type=&#8220;uncode-palette&#8220; row_name=&#8220;pittura4&#8243;][vc_column column_width_percent=&#8220;100&#8243; position_vertical=&#8220;middle&#8220; gutter_size=&#8220;4&#8243; style=&#8220;dark&#8220; overlay_alpha=&#8220;50&#8243; shift_x=&#8220;0&#8243; shift_y=&#8220;0&#8243; shift_y_down=&#8220;0&#8243; z_index=&#8220;0&#8243; medium_width=&#8220;0&#8243; mobile_width=&#8220;0&#8243; width=&#8220;1\/1&#8243; uncode_shortcode_id=&#8220;163093&#8243;][vc_custom_heading text_font=&#8220;font-189054&#8243; text_size=&#8220;h1&#8243; text_weight=&#8220;500&#8243; text_space=&#8220;fontspace-781688&#8243; uncode_shortcode_id=&#8220;128689&#8243;]Bilder Galerie 4[\/vc_custom_heading][vc_gallery el_id=&#8220;gallery-15638&#8243; type=&#8220;carousel&#8220; medias=&#8220;117804,117805,117809,117810,117811,117812,117806,117807,117808&#8243; explode_albums=&#8220;yes&#8220; carousel_lg=&#8220;3&#8243; carousel_md=&#8220;3&#8243; carousel_sm=&#8220;1&#8243; gutter_size=&#8220;5&#8243; media_items=&#8220;media|lightbox|original,icon|md&#8220; carousel_v_align=&#8220;middle&#8220; carousel_interval=&#8220;3000&#8243; carousel_navspeed=&#8220;400&#8243; carousel_nav=&#8220;yes&#8220; carousel_nav_mobile=&#8220;yes&#8220; carousel_dots=&#8220;yes&#8220; carousel_dots_space=&#8220;yes&#8220; stage_padding=&#8220;0&#8243; single_overlay_opacity=&#8220;50&#8243; single_overlay_anim=&#8220;no&#8220; single_text_anim=&#8220;no&#8220; single_image_magnetic=&#8220;yes&#8220; single_h_align=&#8220;center&#8220; single_padding=&#8220;2&#8243; single_title_dimension=&#8220;h3&#8243; single_icon=&#8220;fa fa-zoom-in&#8220; single_border=&#8220;yes&#8220; single_css_animation=&#8220;alpha-anim&#8220; single_animation_speed=&#8220;400&#8243; single_animation_delay=&#8220;200&#8243; single_animation_first=&#8220;yes&#8220; lbox_transparency=&#8220;opaque&#8220; lbox_title=&#8220;yes&#8220; lbox_caption=&#8220;yes&#8220; lbox_full=&#8220;yes&#8220; lbox_transition=&#8220;lg-zoom-out&#8220; horizontal_th_size=&#8220;vh&#8220; uncode_shortcode_id=&#8220;697727&#8243;][vc_empty_space][\/vc_column][\/vc_row][vc_row unlock_row_content=&#8220;yes&#8220; row_height_percent=&#8220;100&#8243; override_padding=&#8220;yes&#8220; h_padding=&#8220;3&#8243; top_padding=&#8220;3&#8243; bottom_padding=&#8220;3&#8243; back_color=&#8220;blu_notte&#8220; overlay_alpha=&#8220;50&#8243; gutter_size=&#8220;4&#8243; column_width_percent=&#8220;100&#8243; shift_y=&#8220;0&#8243; z_index=&#8220;0&#8243; changer_back_color=&#8220;yes&#8220; uncode_shortcode_id=&#8220;210414&#8243; back_color_type=&#8220;uncode-palette&#8220; row_name=&#8220;pittura5&#8243;][vc_column column_width_percent=&#8220;100&#8243; position_vertical=&#8220;middle&#8220; gutter_size=&#8220;4&#8243; style=&#8220;dark&#8220; overlay_alpha=&#8220;50&#8243; shift_x=&#8220;0&#8243; shift_y=&#8220;0&#8243; shift_y_down=&#8220;0&#8243; z_index=&#8220;0&#8243; medium_width=&#8220;0&#8243; mobile_width=&#8220;0&#8243; width=&#8220;1\/1&#8243; uncode_shortcode_id=&#8220;864874&#8243;][vc_custom_heading text_font=&#8220;font-189054&#8243; text_size=&#8220;h1&#8243; text_weight=&#8220;500&#8243; text_space=&#8220;fontspace-781688&#8243; uncode_shortcode_id=&#8220;150568&#8243;]Bilder Galerie 5[\/vc_custom_heading][vc_gallery el_id=&#8220;gallery-10253&#8243; medias=&#8220;117786,117788,117794&#8243; explode_albums=&#8220;yes&#8220; gutter_size=&#8220;5&#8243; media_items=&#8220;media|lightbox|original,icon|md&#8220; screen_lg=&#8220;1000&#8243; screen_md=&#8220;600&#8243; screen_sm=&#8220;480&#8243; single_overlay_opacity=&#8220;50&#8243; single_overlay_anim=&#8220;no&#8220; single_text_anim=&#8220;no&#8220; single_image_anim=&#8220;no&#8220; single_h_align=&#8220;center&#8220; single_padding=&#8220;2&#8243; single_title_dimension=&#8220;h3&#8243; single_icon=&#8220;fa fa-zoom-in&#8220; single_border=&#8220;yes&#8220; single_css_animation=&#8220;bottom-t-top&#8220; single_animation_speed=&#8220;400&#8243; single_animation_delay=&#8220;300&#8243; lbox_transparency=&#8220;opaque&#8220; lbox_title=&#8220;yes&#8220; lbox_caption=&#8220;yes&#8220; lbox_full=&#8220;yes&#8220; lbox_transition=&#8220;lg-zoom-out&#8220; horizontal_th_size=&#8220;vh&#8220; uncode_shortcode_id=&#8220;540569&#8243;][vc_empty_space][\/vc_column][\/vc_row][vc_row unlock_row_content=&#8220;yes&#8220; row_height_percent=&#8220;0&#8243; override_padding=&#8220;yes&#8220; h_padding=&#8220;3&#8243; top_padding=&#8220;3&#8243; bottom_padding=&#8220;3&#8243; back_color=&#8220;color-195797&#8243; overlay_alpha=&#8220;50&#8243; equal_height=&#8220;yes&#8220; gutter_size=&#8220;0&#8243; column_width_percent=&#8220;100&#8243; shift_y=&#8220;0&#8243; z_index=&#8220;0&#8243; changer_back_color=&#8220;yes&#8220; el_class=&#8220;gradient portfolio&#8220; row_name=&#8220;scultura&#8220; uncode_shortcode_id=&#8220;924559&#8243; back_color_type=&#8220;uncode-palette&#8220;][vc_column column_width_percent=&#8220;100&#8243; position_vertical=&#8220;middle&#8220; gutter_size=&#8220;5&#8243; style=&#8220;dark&#8220; overlay_alpha=&#8220;50&#8243; shift_x=&#8220;0&#8243; shift_y=&#8220;0&#8243; shift_y_down=&#8220;0&#8243; z_index=&#8220;0&#8243; medium_width=&#8220;0&#8243; mobile_width=&#8220;0&#8243; css_animation=&#8220;alpha-anim&#8220; animation_speed=&#8220;1000&#8243; width=&#8220;1\/1&#8243; uncode_shortcode_id=&#8220;189765&#8243;][vc_custom_heading text_font=&#8220;font-189054&#8243; text_size=&#8220;h1&#8243; text_weight=&#8220;500&#8243; text_space=&#8220;fontspace-781688&#8243; uncode_shortcode_id=&#8220;213384&#8243;]Bildhauerei[\/vc_custom_heading][vc_gallery el_id=&#8220;gallery-160030&#8243; medias=&#8220;117749,117750,117752,117753,117754,117748,117751,117743,117762&#8243; explode_albums=&#8220;yes&#8220; gutter_size=&#8220;6&#8243; media_items=&#8220;media|lightbox|original&#8220; screen_lg=&#8220;1000&#8243; screen_md=&#8220;600&#8243; screen_sm=&#8220;480&#8243; single_text=&#8220;under&#8220; single_overlay_opacity=&#8220;50&#8243; single_image_magnetic=&#8220;yes&#8220; single_padding=&#8220;2&#8243; single_border=&#8220;yes&#8220; single_css_animation=&#8220;bottom-t-top&#8220; single_animation_delay=&#8220;300&#8243; post_matrix=&#8220;matrix&#8220; matrix_amount=&#8220;3&#8243; lbox_title=&#8220;yes&#8220; lbox_caption=&#8220;yes&#8220; lbox_transition=&#8220;lg-zoom-out-big&#8220; custom_cursor=&#8220;diff&#8220; uncode_shortcode_id=&#8220;156307&#8243; matrix_items=&#8220;eyIxX2kiOnsic2luZ2xlX3BhcmFsbGF4X2ludGVuc2l0eSI6IjEwIn0sIjJfaSI6eyJzaW5nbGVfcGFyYWxsYXhfaW50ZW5zaXR5IjoiOCJ9LCIzX2kiOnsic2luZ2xlX3BhcmFsbGF4X2ludGVuc2l0eSI6IjMifSwiMF9pIjp7InNpbmdsZV9wYXJhbGxheF9pbnRlbnNpdHkiOiIzIn19&#8243;][\/vc_column][\/vc_row][vc_row row_height_percent=&#8220;0&#8243; override_padding=&#8220;yes&#8220; h_padding=&#8220;2&#8243; top_padding=&#8220;7&#8243; bottom_padding=&#8220;7&#8243; back_color=&#8220;color-lxmt&#8220; overlay_alpha=&#8220;50&#8243; gutter_size=&#8220;4&#8243; column_width_percent=&#8220;100&#8243; shift_y=&#8220;0&#8243; z_index=&#8220;0&#8243; uncode_shortcode_id=&#8220;205174&#8243; back_color_type=&#8220;uncode-palette&#8220; row_name=&#8220;bio&#8220;][vc_column column_width_percent=&#8220;100&#8243; gutter_size=&#8220;3&#8243; overlay_alpha=&#8220;50&#8243; shift_x=&#8220;0&#8243; shift_y=&#8220;0&#8243; shift_y_down=&#8220;0&#8243; z_index=&#8220;0&#8243; medium_width=&#8220;3&#8243; mobile_width=&#8220;0&#8243; width=&#8220;4\/12&#8243; uncode_shortcode_id=&#8220;625002&#8243;][vc_single_image media=&#8220;117852&#8243; media_width_percent=&#8220;100&#8243; uncode_shortcode_id=&#8220;167254&#8243;][\/vc_column][vc_column column_width_percent=&#8220;100&#8243; gutter_size=&#8220;3&#8243; overlay_alpha=&#8220;50&#8243; shift_x=&#8220;0&#8243; shift_y=&#8220;0&#8243; shift_y_down=&#8220;0&#8243; z_index=&#8220;0&#8243; medium_width=&#8220;5&#8243; mobile_width=&#8220;0&#8243; width=&#8220;8\/12&#8243; uncode_shortcode_id=&#8220;493880&#8243;][vc_custom_heading heading_semantic=&#8220;h3&#8243; text_font=&#8220;font-189054&#8243; text_size=&#8220;fontsize-155944&#8243; text_weight=&#8220;500&#8243; text_space=&#8220;fontspace-781688&#8243; uncode_shortcode_id=&#8220;141811&#8243;]<span style=\"font-size: 0.85em;\">Barbara Merk ist in Augsburg (Deutschland) geboren, und lebt seit Jahren in Pietrasanta, Versilia, in Italien, in der sie k\u00fcnstlerisch t\u00e4tig ist. <\/span>[\/vc_custom_heading][vc_custom_heading heading_semantic=&#8220;p&#8220; text_font=&#8220;font-189054&#8243; text_weight=&#8220;400&#8243; text_height=&#8220;fontheight-357766&#8243; text_space=&#8220;fontspace-781688&#8243; uncode_shortcode_id=&#8220;297353&#8243;]<span style=\"font-size: 0.85em;\">Schon in ihrer Schulzeit zeigte sich ihre kreative Begabung, die sie durch ihr Kunst-und Lehramt Studium in Augsburg ausbaute.<\/span><\/p>\n<p><span style=\"font-size: 0.85em;\">Nach dem erfolgreich abgelegten Studium und ihrer darauffolgenden Lehramtszeit, begann die K\u00fcnstlerin sich intensiv ihrer Leidenschaft f\u00fcr die Malerei und die Bildhauerei zuzuwenden. W\u00e4hrend ihrer k\u00fcnstlerischen Laufbahn lernte sie viele andere Kreative und deren musische Arbeitsweise kennen, die sie in Ihrer Technik noch weiter inspirierten. Dar\u00fcberhinaus hat sie mit ihren Werken an verschiedenen Einzel-und Gruppenausstellungen in Deutschland, Italien und Amerika teilgenommen und damit bemerkenswerte Erfolge in der \u00d6ffentlichkeit erzielen k\u00f6nnen.<br \/>\n<\/span>[\/vc_custom_heading][vc_custom_heading heading_semantic=&#8220;p&#8220; text_font=&#8220;font-189054&#8243; text_weight=&#8220;400&#8243; text_height=&#8220;fontheight-357766&#8243; text_space=&#8220;fontspace-781688&#8243; uncode_shortcode_id=&#8220;462792&#8243;]<span style=\"font-size: 0.85em;\">Ausger\u00fcstet mit einer Staffelei, ist sie oft auf der Suche nach dem geeigneten Blickwinkel, um den Ausdruck und die Aura der gemalten Personen und Landschaften verewigt auf die Leinwand zu bringen. Letztendlich beinhaltet dies, auch einen Teil ihrer selbst, der dadurch manifestiert wird. <\/span><\/p>\n<p><span style=\"font-size: 0.85em;\">Ihre Malerei wirkt, wie ein klarer und starker Ausdruck ihrer Seele und spiegelt mit seinen warmen Farben die Emotionalit\u00e4t der K\u00fcnstlerin wider. Hierbei werden Personen in ihrer Intimit\u00e4t dargestellt. Man trifft auf versunkene Blicke, entfernte Gedanken, man f\u00fchlt hierbei die weibliche Seele, die leicht und wechselhaft, aber auch intensiv und leidenschaftlich dargestellt wird. In ihren Bildern versucht sie ihre Gef\u00fchle zum Ausdruck zu bringen und erkennt sie bis ins Tiefste. Sie arbeitet zwischen dem Rationalen und dem Imagin\u00e4ren.<\/span>[\/vc_custom_heading][\/vc_column][\/vc_row][vc_row row_height_percent=&#8220;0&#8243; override_padding=&#8220;yes&#8220; h_padding=&#8220;2&#8243; top_padding=&#8220;3&#8243; bottom_padding=&#8220;3&#8243; back_color=&#8220;color-195797&#8243; overlay_alpha=&#8220;50&#8243; gutter_size=&#8220;3&#8243; column_width_percent=&#8220;100&#8243; shift_y=&#8220;0&#8243; z_index=&#8220;0&#8243; uncode_shortcode_id=&#8220;112020&#8243; back_color_type=&#8220;uncode-palette&#8220;][vc_column column_width_percent=&#8220;100&#8243; gutter_size=&#8220;3&#8243; style=&#8220;dark&#8220; overlay_alpha=&#8220;50&#8243; shift_x=&#8220;0&#8243; shift_y=&#8220;0&#8243; shift_y_down=&#8220;0&#8243; z_index=&#8220;0&#8243; medium_width=&#8220;0&#8243; mobile_width=&#8220;0&#8243; width=&#8220;1\/1&#8243; uncode_shortcode_id=&#8220;197423&#8243;][vc_custom_heading heading_semantic=&#8220;h4&#8243; text_font=&#8220;font-189054&#8243; text_size=&#8220;fontsize-338686&#8243; text_weight=&#8220;500&#8243; text_space=&#8220;fontspace-781688&#8243; css_animation=&#8220;marquee-scroll-opposite&#8220; marquee_clone=&#8220;yes&#8220; uncode_shortcode_id=&#8220;808002&#8243;]I&#8217;d love to hear from you \u00b7[\/vc_custom_heading][\/vc_column][\/vc_row]<\/p>\n","protected":false},"excerpt":{"rendered":"<p>[vc_row row_height_percent=&#8220;0&#8243; override_padding=&#8220;yes&#8220; h_padding=&#8220;2&#8243; top_padding=&#8220;7&#8243; bottom_padding=&#8220;7&#8243; back_color=&#8220;color-xsdn&#8220; overlay_alpha=&#8220;50&#8243; gutter_size=&#8220;3&#8243; column_width_percent=&#8220;100&#8243; shift_y=&#8220;0&#8243; z_index=&#8220;0&#8243; uncode_shortcode_id=&#8220;122844&#8243; back_color_type=&#8220;uncode-palette&#8220; row_name=&#8220;home&#8220;][vc_column column_width_percent=&#8220;100&#8243; gutter_size=&#8220;3&#8243; overlay_alpha=&#8220;50&#8243; shift_x=&#8220;0&#8243; shift_y=&#8220;0&#8243; [&hellip;]<\/p>\n","protected":false},"author":1,"featured_media":0,"parent":0,"menu_order":0,"comment_status":"closed","ping_status":"closed","template":"","meta":[],"_links":{"self":[{"href":"https:\/\/barbaramerk.com\/de\/wp-json\/wp\/v2\/pages\/118360"}],"collection":[{"href":"https:\/\/barbaramerk.com\/de\/wp-json\/wp\/v2\/pages"}],"about":[{"href":"https:\/\/barbaramerk.com\/de\/wp-json\/wp\/v2\/types\/page"}],"author":[{"embeddable":true,"href":"https:\/\/barbaramerk.com\/de\/wp-json\/wp\/v2\/users\/1"}],"replies":[{"embeddable":true,"href":"https:\/\/barbaramerk.com\/de\/wp-json\/wp\/v2\/comments?post=118360"}],"version-history":[{"count":8,"href":"https:\/\/barbaramerk.com\/de\/wp-json\/wp\/v2\/pages\/118360\/revisions"}],"predecessor-version":[{"id":118410,"href":"https:\/\/barbaramerk.com\/de\/wp-json\/wp\/v2\/pages\/118360\/revisions\/118410"}],"wp:attachment":[{"href":"https:\/\/barbaramerk.com\/de\/wp-json\/wp\/v2\/media?parent=118360"}],"curies":[{"name":"wp","href":"https:\/\/api.w.org\/{rel}","templated":true}]}}